{"id":692,"date":"2021-09-08T15:46:29","date_gmt":"2021-09-08T13:46:29","guid":{"rendered":"https:\/\/www.maxinterior.de\/?page_id=692"},"modified":"2025-02-26T12:54:26","modified_gmt":"2025-02-26T11:54:26","slug":"cookie-richtlinie","status":"publish","type":"page","link":"https:\/\/www.maxinterior.de\/ko\/cookie-richtlinie\/","title":{"rendered":"Cookie-Richtlinie"},"content":{"rendered":"<p><div class=\"fusion-fullwidth fullwidth-box fusion-builder-row-1 fusion-flex-container nonhundred-percent-fullwidth non-hundred-percent-height-scrolling\" style=\"--awb-border-radius-top-left:0px;--awb-border-radius-top-right:0px;--awb-border-radius-bottom-right:0px;--awb-border-radius-bottom-left:0px;--awb-padding-bottom:0px;--awb-margin-top:0px;--awb-margin-bottom:80px;--awb-background-color:#1f1f1f;--awb-flex-wrap:wrap;\" ><div class=\"fusion-builder-row fusion-row fusion-flex-align-items-flex-start fusion-flex-content-wrap\" style=\"max-width:1248px;margin-left: calc(-4% \/ 2 );margin-right: calc(-4% \/ 2 );\"><div class=\"fusion-layout-column fusion_builder_column fusion-builder-column-0 fusion_builder_column_1_1 1_1 fusion-flex-column\" style=\"--awb-padding-top:40px;--awb-padding-bottom:40px;--awb-bg-size:cover;--awb-width-large:100%;--awb-margin-top-large:0px;--awb-spacing-right-large:1.92%;--awb-margin-bottom-large:0px;--awb-spacing-left-large:1.92%;--awb-width-medium:100%;--awb-order-medium:0;--awb-spacing-right-medium:1.92%;--awb-spacing-left-medium:1.92%;--awb-width-small:100%;--awb-order-small:0;--awb-spacing-right-small:1.92%;--awb-spacing-left-small:1.92%;\"><div class=\"fusion-column-wrapper fusion-column-has-shadow fusion-flex-justify-content-flex-start fusion-content-layout-column\"><div class=\"fusion-title title fusion-title-1 fusion-sep-none fusion-title-text fusion-title-size-one grossschrift\" style=\"--awb-text-color:#ffffff;--awb-margin-top:0px;--awb-margin-bottom:0px;--awb-margin-top-small:10px;--awb-margin-right-small:0px;--awb-margin-bottom-small:10px;--awb-margin-left-small:0px;\"><h1 class=\"fusion-title-heading title-heading-left\" style=\"margin:0;\"><p style=\"text-align: center;\">Cookie-Richtlinie<\/p><\/h1><\/div><\/div><\/div><\/div><\/div><div class=\"fusion-fullwidth fullwidth-box fusion-builder-row-2 fusion-flex-container nonhundred-percent-fullwidth non-hundred-percent-height-scrolling\" style=\"--awb-border-radius-top-left:0px;--awb-border-radius-top-right:0px;--awb-border-radius-bottom-right:0px;--awb-border-radius-bottom-left:0px;--awb-margin-bottom-medium:30px;--awb-flex-wrap:wrap;\" ><div class=\"fusion-builder-row fusion-row fusion-flex-align-items-flex-start fusion-flex-content-wrap\" style=\"max-width:1248px;margin-left: calc(-4% \/ 2 );margin-right: calc(-4% \/ 2 );\"><div class=\"fusion-layout-column fusion_builder_column fusion-builder-column-1 fusion_builder_column_1_1 1_1 fusion-flex-column\" style=\"--awb-bg-size:cover;--awb-width-large:100%;--awb-margin-top-large:0px;--awb-spacing-right-large:1.92%;--awb-margin-bottom-large:0px;--awb-spacing-left-large:1.92%;--awb-width-medium:100%;--awb-order-medium:0;--awb-spacing-right-medium:1.92%;--awb-spacing-left-medium:1.92%;--awb-width-small:100%;--awb-order-small:0;--awb-spacing-right-small:1.92%;--awb-spacing-left-small:1.92%;\"><div class=\"fusion-column-wrapper fusion-column-has-shadow fusion-flex-justify-content-flex-start fusion-content-layout-column\"><div class=\"fusion-text fusion-text-1\"><p>Mit dieser Cookie-Richtlinie m\u00f6chten wir \u00fcber den Einsatz von Cookies oder \u00e4hnlichen Speichertechnologien (nachfolgend \u201eCookies\u201c) auf unserer Website informieren. Diese Cookie-Richtlinie erg\u00e4nzt unsere <a href=\"\/datenschutz\/\">Datenschutzhinweise<\/a>.<\/p>\n<\/div><\/div><\/div><\/div><\/div><div class=\"fusion-fullwidth fullwidth-box fusion-builder-row-3 fusion-flex-container nonhundred-percent-fullwidth non-hundred-percent-height-scrolling\" style=\"--awb-border-radius-top-left:0px;--awb-border-radius-top-right:0px;--awb-border-radius-bottom-right:0px;--awb-border-radius-bottom-left:0px;--awb-margin-top:0px;--awb-margin-bottom:60px;--awb-flex-wrap:wrap;\" ><div class=\"fusion-builder-row fusion-row fusion-flex-align-items-flex-start fusion-flex-content-wrap\" style=\"max-width:1248px;margin-left: calc(-4% \/ 2 );margin-right: calc(-4% \/ 2 );\"><div class=\"fusion-layout-column fusion_builder_column fusion-builder-column-2 fusion_builder_column_1_1 1_1 fusion-flex-column\" style=\"--awb-bg-size:cover;--awb-width-large:100%;--awb-margin-top-large:0px;--awb-spacing-right-large:1.92%;--awb-margin-bottom-large:20px;--awb-spacing-left-large:1.92%;--awb-width-medium:100%;--awb-order-medium:0;--awb-spacing-right-medium:1.92%;--awb-spacing-left-medium:1.92%;--awb-width-small:100%;--awb-order-small:0;--awb-spacing-right-small:1.92%;--awb-spacing-left-small:1.92%;\"><div class=\"fusion-column-wrapper fusion-column-has-shadow fusion-flex-justify-content-flex-start fusion-content-layout-column\"><div class=\"fusion-text fusion-text-2\"><div class=\"brlbs-cmpnt-container brlbs-cmpnt-shortcode-element\" data-borlabs-cookie-service-list><\/div>\n<\/div><\/div><\/div><\/div><\/div><\/p>\n","protected":false},"excerpt":{"rendered":"","protected":false},"author":2,"featured_media":0,"parent":0,"menu_order":0,"comment_status":"closed","ping_status":"closed","template":"100-width.php","meta":{"footnotes":""},"class_list":["post-692","page","type-page","status-publish","hentry"],"yoast_head":"<!-- This site is optimized with the Yoast SEO plugin v27.1.1 - https:\/\/yoast.com\/product\/yoast-seo-wordpress\/ -->\n<title>Cookie-Richtlinie &#8226; Maxinterior<\/title>\n<meta name=\"robots\" content=\"index, follow, max-snippet:-1, max-image-preview:large, max-video-preview:-1\" \/>\n<link rel=\"canonical\" href=\"https:\/\/www.maxinterior.de\/cookie-richtlinie\/\" \/>\n<meta property=\"og:locale\" content=\"ko_KR\" \/>\n<meta property=\"og:type\" content=\"article\" \/>\n<meta property=\"og:title\" content=\"Cookie-Richtlinie &#8226; Maxinterior\" \/>\n<meta property=\"og:url\" content=\"https:\/\/www.maxinterior.de\/cookie-richtlinie\/\" \/>\n<meta property=\"og:site_name\" content=\"Maxinterior\" \/>\n<meta property=\"article:modified_time\" content=\"2025-02-26T11:54:26+00:00\" \/>\n<meta name=\"twitter:card\" content=\"summary_large_image\" \/>\n<meta name=\"twitter:label1\" content=\"\uc608\uc0c1 \ub418\ub294 \ud310\ub3c5 \uc2dc\uac04\" \/>\n\t<meta name=\"twitter:data1\" content=\"11\ubd84\" \/>\n<script type=\"application\/ld+json\" class=\"yoast-schema-graph\">{\"@context\":\"https:\/\/schema.org\",\"@graph\":[{\"@type\":\"WebPage\",\"@id\":\"https:\/\/www.maxinterior.de\/cookie-richtlinie\/\",\"url\":\"https:\/\/www.maxinterior.de\/cookie-richtlinie\/\",\"name\":\"Cookie-Richtlinie &#8226; Maxinterior\",\"isPartOf\":{\"@id\":\"https:\/\/www.maxinterior.de\/#website\"},\"datePublished\":\"2021-09-08T13:46:29+00:00\",\"dateModified\":\"2025-02-26T11:54:26+00:00\",\"breadcrumb\":{\"@id\":\"https:\/\/www.maxinterior.de\/cookie-richtlinie\/#breadcrumb\"},\"inLanguage\":\"ko-KR\",\"potentialAction\":[{\"@type\":\"ReadAction\",\"target\":[\"https:\/\/www.maxinterior.de\/cookie-richtlinie\/\"]}]},{\"@type\":\"BreadcrumbList\",\"@id\":\"https:\/\/www.maxinterior.de\/cookie-richtlinie\/#breadcrumb\",\"itemListElement\":[{\"@type\":\"ListItem\",\"position\":1,\"name\":\"Startseite\",\"item\":\"https:\/\/www.maxinterior.de\/\"},{\"@type\":\"ListItem\",\"position\":2,\"name\":\"Cookie-Richtlinie\"}]},{\"@type\":\"WebSite\",\"@id\":\"https:\/\/www.maxinterior.de\/#website\",\"url\":\"https:\/\/www.maxinterior.de\/\",\"name\":\"Maxinterior\",\"description\":\"\",\"publisher\":{\"@id\":\"https:\/\/www.maxinterior.de\/#organization\"},\"potentialAction\":[{\"@type\":\"SearchAction\",\"target\":{\"@type\":\"EntryPoint\",\"urlTemplate\":\"https:\/\/www.maxinterior.de\/?s={search_term_string}\"},\"query-input\":{\"@type\":\"PropertyValueSpecification\",\"valueRequired\":true,\"valueName\":\"search_term_string\"}}],\"inLanguage\":\"ko-KR\"},{\"@type\":\"Organization\",\"@id\":\"https:\/\/www.maxinterior.de\/#organization\",\"name\":\"Maxinterior\",\"url\":\"https:\/\/www.maxinterior.de\/\",\"logo\":{\"@type\":\"ImageObject\",\"inLanguage\":\"ko-KR\",\"@id\":\"https:\/\/www.maxinterior.de\/#\/schema\/logo\/image\/\",\"url\":\"http:\/\/www.maxinterior.de\/wp-content\/uploads\/2021\/08\/maxint-logo.png\",\"contentUrl\":\"http:\/\/www.maxinterior.de\/wp-content\/uploads\/2021\/08\/maxint-logo.png\",\"width\":204,\"height\":58,\"caption\":\"Maxinterior\"},\"image\":{\"@id\":\"https:\/\/www.maxinterior.de\/#\/schema\/logo\/image\/\"}}]}<\/script>\n<!-- \/ Yoast SEO plugin. -->","yoast_head_json":{"title":"Cookie-Richtlinie &#8226; Maxinterior","robots":{"index":"index","follow":"follow","max-snippet":"max-snippet:-1","max-image-preview":"max-image-preview:large","max-video-preview":"max-video-preview:-1"},"canonical":"https:\/\/www.maxinterior.de\/cookie-richtlinie\/","og_locale":"ko_KR","og_type":"article","og_title":"Cookie-Richtlinie &#8226; Maxinterior","og_url":"https:\/\/www.maxinterior.de\/cookie-richtlinie\/","og_site_name":"Maxinterior","article_modified_time":"2025-02-26T11:54:26+00:00","twitter_card":"summary_large_image","twitter_misc":{"\uc608\uc0c1 \ub418\ub294 \ud310\ub3c5 \uc2dc\uac04":"11\ubd84"},"schema":{"@context":"https:\/\/schema.org","@graph":[{"@type":"WebPage","@id":"https:\/\/www.maxinterior.de\/cookie-richtlinie\/","url":"https:\/\/www.maxinterior.de\/cookie-richtlinie\/","name":"Cookie-Richtlinie &#8226; Maxinterior","isPartOf":{"@id":"https:\/\/www.maxinterior.de\/#website"},"datePublished":"2021-09-08T13:46:29+00:00","dateModified":"2025-02-26T11:54:26+00:00","breadcrumb":{"@id":"https:\/\/www.maxinterior.de\/cookie-richtlinie\/#breadcrumb"},"inLanguage":"ko-KR","potentialAction":[{"@type":"ReadAction","target":["https:\/\/www.maxinterior.de\/cookie-richtlinie\/"]}]},{"@type":"BreadcrumbList","@id":"https:\/\/www.maxinterior.de\/cookie-richtlinie\/#breadcrumb","itemListElement":[{"@type":"ListItem","position":1,"name":"Startseite","item":"https:\/\/www.maxinterior.de\/"},{"@type":"ListItem","position":2,"name":"Cookie-Richtlinie"}]},{"@type":"WebSite","@id":"https:\/\/www.maxinterior.de\/#website","url":"https:\/\/www.maxinterior.de\/","name":"Maxinterior","description":"","publisher":{"@id":"https:\/\/www.maxinterior.de\/#organization"},"potentialAction":[{"@type":"SearchAction","target":{"@type":"EntryPoint","urlTemplate":"https:\/\/www.maxinterior.de\/?s={search_term_string}"},"query-input":{"@type":"PropertyValueSpecification","valueRequired":true,"valueName":"search_term_string"}}],"inLanguage":"ko-KR"},{"@type":"Organization","@id":"https:\/\/www.maxinterior.de\/#organization","name":"Maxinterior","url":"https:\/\/www.maxinterior.de\/","logo":{"@type":"ImageObject","inLanguage":"ko-KR","@id":"https:\/\/www.maxinterior.de\/#\/schema\/logo\/image\/","url":"http:\/\/www.maxinterior.de\/wp-content\/uploads\/2021\/08\/maxint-logo.png","contentUrl":"http:\/\/www.maxinterior.de\/wp-content\/uploads\/2021\/08\/maxint-logo.png","width":204,"height":58,"caption":"Maxinterior"},"image":{"@id":"https:\/\/www.maxinterior.de\/#\/schema\/logo\/image\/"}}]}},"_links":{"self":[{"href":"https:\/\/www.maxinterior.de\/ko\/wp-json\/wp\/v2\/pages\/692","targetHints":{"allow":["GET"]}}],"collection":[{"href":"https:\/\/www.maxinterior.de\/ko\/wp-json\/wp\/v2\/pages"}],"about":[{"href":"https:\/\/www.maxinterior.de\/ko\/wp-json\/wp\/v2\/types\/page"}],"author":[{"embeddable":true,"href":"https:\/\/www.maxinterior.de\/ko\/wp-json\/wp\/v2\/users\/2"}],"replies":[{"embeddable":true,"href":"https:\/\/www.maxinterior.de\/ko\/wp-json\/wp\/v2\/comments?post=692"}],"version-history":[{"count":13,"href":"https:\/\/www.maxinterior.de\/ko\/wp-json\/wp\/v2\/pages\/692\/revisions"}],"predecessor-version":[{"id":1203,"href":"https:\/\/www.maxinterior.de\/ko\/wp-json\/wp\/v2\/pages\/692\/revisions\/1203"}],"wp:attachment":[{"href":"https:\/\/www.maxinterior.de\/ko\/wp-json\/wp\/v2\/media?parent=692"}],"curies":[{"name":"wp","href":"https:\/\/api.w.org\/{rel}","templated":true}]}}